{"id":719,"date":"2021-10-08T03:29:22","date_gmt":"2021-10-08T03:29:22","guid":{"rendered":"https:\/\/stage.startertemplatecloud.com\/g16\/?page_id=719"},"modified":"2025-06-07T14:23:27","modified_gmt":"2025-06-07T12:23:27","slug":"causes","status":"publish","type":"page","link":"https:\/\/ong-tohanako.jomas-synergie.com\/index.php\/causes\/","title":{"rendered":"Historique"},"content":{"rendered":"\n<div class=\"wp-block-cp-timeline-content-timeline-block Cool-Content-Timeline\"><div class=\"cool-timeline-block-97b1226f-6c91-4413-8c7e-a6916ed754d0\"><div class=\"cool-vertical-timeline-body ctlb-wrapper both-sided left\"><div class=\"cool-timeline-block-list\">\n<div class=\"wp-block-cp-timeline-content-timeline-block-child swiper-slide\"><div class=\"timeline-content icon-false \"><div class=\"timeline-block-timeline ctl-row  position-right\"><div class=\"ctl-6 timeline-block-time\"><div class=\"story-time\"><p>1993<\/p><\/div><\/div><div class=\"timeline-block-icon\"><svg stroke=\"currentColor\" fill=\"currentColor\" stroke-width=\"0\" viewBox=\"0 0 512 512\" height=\"1em\" width=\"1em\" xmlns=\"http:\/\/www.w3.org\/2000\/svg\"><path d=\"M256 8C119 8 8 119 8 256s111 248 248 248 248-111 248-248S393 8 256 8z\"><\/path><\/svg><\/div><div class=\"ctl-6 timeline-block-detail\"><div class=\"story-details\"><div class=\"story-content\">\n<figure class=\"wp-block-image size-full ctlb-block-image\"><img loading=\"lazy\" decoding=\"async\" width=\"480\" height=\"1040\" src=\"https:\/\/ong-tohanako.jomas-synergie.com\/wp-content\/uploads\/2025\/02\/476138258_579015801792695_2742681897894855288_n.jpg\" alt=\"\" class=\"wp-image-1251\" style=\"aspect-ratio:4\/3;object-fit:cover\"\/><\/figure>\n\n\n\n<h3 class=\"wp-block-heading ctlb-block-title\" style=\"padding-top:0px;padding-right:0px;padding-bottom:0px;padding-left:0px\">Aux Origines de l\u2019ONG Tohanako<\/h3>\n\n\n\n<p class=\"ctlb-block-desc\" style=\"padding-top:0px;padding-right:0px;padding-bottom:0px;padding-left:0px\">L\u2019histoire de l\u2019ONG Tohanako remonte \u00e0 1993, lorsque ses membres fondateurs ont commenc\u00e9 \u00e0 intervenir \u00e0 la prison centrale d\u2019Antanimora. Leur engagement s\u2019est d\u2019abord orient\u00e9 vers le soutien moral et l\u2019accompagnement humain des d\u00e9tenus. Leur mission a naturellement \u00e9volu\u00e9 vers l\u2019\u00e9ducation et l\u2019appui \u00e0 travers des formations en d\u00e9veloppement personnel, en \u00e9ducation civique, en alphab\u00e9tisation et en formation professionnelle.<\/p>\n<\/div><\/div><\/div><\/div><\/div><\/div>\n\n\n\n<div class=\"wp-block-cp-timeline-content-timeline-block-child swiper-slide\"><div class=\"timeline-content icon-false \"><div class=\"timeline-block-timeline ctl-row  position-left\"><div class=\"ctl-6 timeline-block-time\"><div class=\"story-time\"><p>2018<\/p><\/div><\/div><div class=\"timeline-block-icon\"><svg stroke=\"currentColor\" fill=\"currentColor\" stroke-width=\"0\" viewBox=\"0 0 512 512\" height=\"1em\" width=\"1em\" xmlns=\"http:\/\/www.w3.org\/2000\/svg\"><path d=\"M256 8C119 8 8 119 8 256s111 248 248 248 248-111 248-248S393 8 256 8z\"><\/path><\/svg><\/div><div class=\"ctl-6 timeline-block-detail\"><div class=\"story-details\"><div class=\"story-content\">\n<figure class=\"wp-block-image size-full ctlb-block-image\"><img loading=\"lazy\" decoding=\"async\" width=\"1366\" height=\"2048\" src=\"https:\/\/ong-tohanako.jomas-synergie.com\/wp-content\/uploads\/2025\/05\/476161647_579540221740253_4051112107365308707_n.jpg\" alt=\"\" class=\"wp-image-1571\" style=\"aspect-ratio:4\/3;object-fit:cover\"\/><\/figure>\n\n\n\n<h3 class=\"wp-block-heading ctlb-block-title\" style=\"padding-top:0px;padding-right:0px;padding-bottom:0px;padding-left:0px\">Former pour R\u00e9ins\u00e9rer<\/h3>\n\n\n\n<p class=\"ctlb-block-desc\" style=\"padding-top:0px;padding-right:0px;padding-bottom:0px;padding-left:0px\">Depuis 2018, ces actions ont permis \u00e0 plus de 200 femmes d\u00e9tenues de b\u00e9n\u00e9ficier de formations concr\u00e8tes en vue de leur r\u00e9int\u00e9gration dans la soci\u00e9t\u00e9. En fin de parcours, une remise de certificats est organis\u00e9e en partenariat avec la Direction de la Justice et l\u2019Administration P\u00e9nitentiaire, valorisant ainsi les efforts des participants.<\/p>\n<\/div><\/div><\/div><\/div><\/div><\/div>\n\n\n\n<div class=\"wp-block-cp-timeline-content-timeline-block-child swiper-slide\"><div class=\"timeline-content icon-false \"><div class=\"timeline-block-timeline ctl-row  position-right\"><div class=\"ctl-6 timeline-block-time\"><div class=\"story-time\"><p>2023<\/p><\/div><\/div><div class=\"timeline-block-icon\"><svg stroke=\"currentColor\" fill=\"currentColor\" stroke-width=\"0\" viewBox=\"0 0 512 512\" height=\"1em\" width=\"1em\" xmlns=\"http:\/\/www.w3.org\/2000\/svg\"><path d=\"M256 8C119 8 8 119 8 256s111 248 248 248 248-111 248-248S393 8 256 8z\"><\/path><\/svg><\/div><div class=\"ctl-6 timeline-block-detail\"><div class=\"story-details\"><div class=\"story-content\">\n<figure class=\"wp-block-image size-full ctlb-block-image\"><img loading=\"lazy\" decoding=\"async\" width=\"1280\" height=\"853\" src=\"https:\/\/ong-tohanako.jomas-synergie.com\/wp-content\/uploads\/2025\/05\/IMG-20250316-WA0107.jpg\" alt=\"\" class=\"wp-image-1521\" style=\"aspect-ratio:4\/3;object-fit:cover\"\/><\/figure>\n\n\n\n<h3 class=\"wp-block-heading ctlb-block-title\" style=\"padding-top:0px;padding-right:0px;padding-bottom:0px;padding-left:0px\">Cr\u00e9tion de l&rsquo;ONG<\/h3>\n\n\n\n<p class=\"ctlb-block-desc\" style=\"padding-top:0px;padding-right:0px;padding-bottom:0px;padding-left:0px\">Afin de structurer et d\u00e9velopper ces activit\u00e9s, l\u2019ONG Tohanako a \u00e9t\u00e9 officiellement cr\u00e9\u00e9e avec l\u2019appui du Minist\u00e8re de la Justice, qui a \u00e9galement mis \u00e0 disposition des parcelles de terrain pour permettre la mise en \u0153uvre de projets \u00e0 plus grande \u00e9chelle.&nbsp; Par ailleurs, un partenariat solide avec le Minist\u00e8re de l\u2019\u00c9ducation Nationale permet \u00e0 l\u2019ONG de garantir une logistique \u00e9ducative renforc\u00e9e et de d\u00e9livrer des certificats officiellement reconnus. Ce partenariat renforce la cr\u00e9dibilit\u00e9 des formations dispens\u00e9es et ouvre des perspectives concr\u00e8tes de r\u00e9insertion socioprofessionnelle pour les b\u00e9n\u00e9ficiaires.&nbsp;<\/p>\n<\/div><\/div><\/div><\/div><\/div><\/div>\n\n\n\n<div class=\"wp-block-cp-timeline-content-timeline-block-child swiper-slide\"><div class=\"timeline-content icon-false \"><div class=\"timeline-block-timeline ctl-row  position-left\"><div class=\"ctl-6 timeline-block-time\"><div class=\"story-time\"><p>Maintenant<\/p><\/div><\/div><div class=\"timeline-block-icon\"><svg stroke=\"currentColor\" fill=\"currentColor\" stroke-width=\"0\" viewBox=\"0 0 512 512\" height=\"1em\" width=\"1em\" xmlns=\"http:\/\/www.w3.org\/2000\/svg\"><path d=\"M256 8C119 8 8 119 8 256s111 248 248 248 248-111 248-248S393 8 256 8z\"><\/path><\/svg><\/div><div class=\"ctl-6 timeline-block-detail\"><div class=\"story-details\"><div class=\"story-content\">\n<figure class=\"wp-block-image size-full ctlb-block-image\"><img loading=\"lazy\" decoding=\"async\" width=\"1600\" height=\"1204\" src=\"https:\/\/ong-tohanako.jomas-synergie.com\/wp-content\/uploads\/2025\/06\/IMG-20250203-WA0002.jpg\" alt=\"\" class=\"wp-image-1689\" style=\"aspect-ratio:4\/3;object-fit:cover\"\/><\/figure>\n\n\n\n<h3 class=\"wp-block-heading ctlb-block-title\" style=\"padding-top:0px;padding-right:0px;padding-bottom:0px;padding-left:0px\">Construire Ensemble<\/h3>\n\n\n\n<p class=\"ctlb-block-desc\" style=\"padding-top:0px;padding-right:0px;padding-bottom:0px;padding-left:0px\">Aujourd\u2019hui, Tohanako \u0153uvre dans une logique de gouvernance participative, en collaboration \u00e9troite avec les deux minist\u00e8res, afin de b\u00e2tir des solutions durables et inclusives pour l\u2019\u00e9ducation et la dignit\u00e9 des personnes d\u00e9tenues.&nbsp;<\/p>\n<\/div><\/div><\/div><\/div><\/div><\/div>\n<\/div><\/div><\/div><\/div>\n\n\n\n\n\n\n\n\n","protected":false},"excerpt":{"rendered":"<p>OUR CAUSES\u200b We Raise Money From All Over The World\u200b TESTIMONIALS\u200b Our Contribution Can Help Achieve A Solution\u200b Lorem ipsum dolor sit amet, consectetur adipiscing elit, sed do eiusmod tempor&#8230;<\/p>\n","protected":false},"author":1,"featured_media":1043,"parent":0,"menu_order":0,"comment_status":"closed","ping_status":"closed","template":"","meta":{"_EventAllDay":false,"_EventTimezone":"","_EventStartDate":"","_EventEndDate":"","_EventStartDateUTC":"","_EventEndDateUTC":"","_EventShowMap":false,"_EventShowMapLink":false,"_EventURL":"","_EventCost":"","_EventCostDescription":"","_EventCurrencySymbol":"","_EventCurrencyCode":"","_EventCurrencyPosition":"","_EventDateTimeSeparator":"","_EventTimeRangeSeparator":"","_EventOrganizerID":[],"_EventVenueID":[],"_OrganizerEmail":"","_OrganizerPhone":"","_OrganizerWebsite":"","_VenueAddress":"","_VenueCity":"","_VenueCountry":"","_VenueProvince":"","_VenueState":"","_VenueZip":"","_VenuePhone":"","_VenueURL":"","_VenueStateProvince":"","_VenueLat":"","_VenueLng":"","_VenueShowMap":false,"_VenueShowMapLink":false,"_kadence_starter_templates_imported_post":true,"_kad_post_transparent":"","_kad_post_title":"show","_kad_post_layout":"fullwidth","_kad_post_sidebar_id":"","_kad_post_content_style":"unboxed","_kad_post_vertical_padding":"hide","_kad_post_feature":"hide","_kad_post_feature_position":"","_kad_post_header":false,"_kad_post_footer":false,"footnotes":""},"class_list":["post-719","page","type-page","status-publish","has-post-thumbnail","hentry"],"_links":{"self":[{"href":"https:\/\/ong-tohanako.jomas-synergie.com\/index.php\/wp-json\/wp\/v2\/pages\/719","targetHints":{"allow":["GET"]}}],"collection":[{"href":"https:\/\/ong-tohanako.jomas-synergie.com\/index.php\/wp-json\/wp\/v2\/pages"}],"about":[{"href":"https:\/\/ong-tohanako.jomas-synergie.com\/index.php\/wp-json\/wp\/v2\/types\/page"}],"author":[{"embeddable":true,"href":"https:\/\/ong-tohanako.jomas-synergie.com\/index.php\/wp-json\/wp\/v2\/users\/1"}],"replies":[{"embeddable":true,"href":"https:\/\/ong-tohanako.jomas-synergie.com\/index.php\/wp-json\/wp\/v2\/comments?post=719"}],"version-history":[{"count":7,"href":"https:\/\/ong-tohanako.jomas-synergie.com\/index.php\/wp-json\/wp\/v2\/pages\/719\/revisions"}],"predecessor-version":[{"id":1691,"href":"https:\/\/ong-tohanako.jomas-synergie.com\/index.php\/wp-json\/wp\/v2\/pages\/719\/revisions\/1691"}],"wp:featuredmedia":[{"embeddable":true,"href":"https:\/\/ong-tohanako.jomas-synergie.com\/index.php\/wp-json\/wp\/v2\/media\/1043"}],"wp:attachment":[{"href":"https:\/\/ong-tohanako.jomas-synergie.com\/index.php\/wp-json\/wp\/v2\/media?parent=719"}],"curies":[{"name":"wp","href":"https:\/\/api.w.org\/{rel}","templated":true}]}}